{"id":9,"date":"2020-11-17T10:48:45","date_gmt":"2020-11-17T10:48:45","guid":{"rendered":"https:\/\/ferienhaus-wernigerode.com\/?page_id=9"},"modified":"2020-11-17T10:54:11","modified_gmt":"2020-11-17T10:54:11","slug":"das-neue-museum-oeffnet-seine-tueren-2","status":"publish","type":"page","link":"https:\/\/ferienhaus-wernigerode.com\/index.php\/das-neue-museum-oeffnet-seine-tueren-2\/","title":{"rendered":"Ihr Urlaub in einem Wernigeroder Kulturdenkmal"},"content":{"rendered":"\n<div class=\"wp-block-group alignwide\"><div class=\"wp-block-group__inner-container is-layout-flow wp-block-group-is-layout-flow\">\n<h2 class=\"has-text-align-center wp-block-heading\">Die erste Adresse f\u00fcr Moderne Kunst in Nordschweden. In den Sommermonaten t\u00e4glich von 10 bis 18 Uhr ge\u00f6ffnet.<\/h2>\n<\/div><\/div>\n\n\n\n<div class=\"wp-block-columns alignwide is-layout-flex wp-container-core-columns-is-layout-9d6595d7 wp-block-columns-is-layout-flex\">\n<div class=\"wp-block-column is-layout-flow wp-block-column-is-layout-flow\">\n<div class=\"wp-block-group\"><div class=\"wp-block-group__inner-container is-layout-flow wp-block-group-is-layout-flow\">\n<figure class=\"wp-block-image alignfull size-full\"><img data-recalc-dims=\"1\" decoding=\"async\" src=\"https:\/\/i0.wp.com\/ferienhaus-wernigerode.com\/wp-content\/themes\/twentytwenty\/assets\/images\/2020-three-quarters-1.png?ssl=1\" alt=\"\" class=\"wp-image-37\"\/><\/figure>\n\n\n\n<h3 class=\"wp-block-heading\">Werke und Tage<\/h3>\n\n\n\n<p>1. August \u2013 1. Dezember<\/p>\n\n\n\n<div class=\"wp-block-button is-style-outline is-style-outline--1\"><a class=\"wp-block-button__link\" href=\"https:\/\/make.wordpress.org\/core\/2019\/09\/27\/block-editor-theme-related-updates-in-wordpress-5-3\/\">Weiterlesen<\/a><\/div>\n<\/div><\/div>\n\n\n\n<div class=\"wp-block-group\"><div class=\"wp-block-group__inner-container is-layout-flow wp-block-group-is-layout-flow\">\n<figure class=\"wp-block-image alignfull size-full\"><img data-recalc-dims=\"1\" decoding=\"async\" src=\"https:\/\/i0.wp.com\/ferienhaus-wernigerode.com\/wp-content\/themes\/twentytwenty\/assets\/images\/2020-three-quarters-3.png?ssl=1\" alt=\"\" class=\"wp-image-37\"\/><\/figure>\n\n\n\n<h3 class=\"wp-block-heading\">Kreative Schaupl\u00e4tze<\/h3>\n\n\n\n<p>1. Oktober \u2013 1. Dezember<\/p>\n\n\n\n<div class=\"wp-block-button is-style-outline is-style-outline--2\"><a class=\"wp-block-button__link\" href=\"https:\/\/make.wordpress.org\/core\/2019\/09\/27\/block-editor-theme-related-updates-in-wordpress-5-3\/\">Weiterlesen<\/a><\/div>\n<\/div><\/div>\n<\/div>\n\n\n\n<div class=\"wp-block-column is-layout-flow wp-block-column-is-layout-flow\">\n<div class=\"wp-block-group\"><div class=\"wp-block-group__inner-container is-layout-flow wp-block-group-is-layout-flow\">\n<figure class=\"wp-block-image alignfull size-full\"><img data-recalc-dims=\"1\" decoding=\"async\" src=\"https:\/\/i0.wp.com\/ferienhaus-wernigerode.com\/wp-content\/themes\/twentytwenty\/assets\/images\/2020-three-quarters-2.png?ssl=1\" alt=\"\" class=\"wp-image-37\"\/><\/figure>\n\n\n\n<h3 class=\"wp-block-heading\">Leben und leben lassen<\/h3>\n\n\n\n<p>1. August \u2013 1. Dezember<\/p>\n\n\n\n<div class=\"wp-block-button is-style-outline is-style-outline--3\"><a class=\"wp-block-button__link\" href=\"https:\/\/make.wordpress.org\/core\/2019\/09\/27\/block-editor-theme-related-updates-in-wordpress-5-3\/\">Weiterlesen<\/a><\/div>\n<\/div><\/div>\n\n\n\n<div class=\"wp-block-group\"><div class=\"wp-block-group__inner-container is-layout-flow wp-block-group-is-layout-flow\">\n<figure class=\"wp-block-image alignfull size-full\"><img data-recalc-dims=\"1\" decoding=\"async\" src=\"https:\/\/i0.wp.com\/ferienhaus-wernigerode.com\/wp-content\/themes\/twentytwenty\/assets\/images\/2020-three-quarters-4.png?ssl=1\" alt=\"\" class=\"wp-image-37\"\/><\/figure>\n\n\n\n<h3 class=\"wp-block-heading\">Von Signac bis Matisse<\/h3>\n\n\n\n<p>1. Oktober \u2013 1. Dezember<\/p>\n\n\n\n<div class=\"wp-block-button is-style-outline is-style-outline--4\"><a class=\"wp-block-button__link\" href=\"https:\/\/make.wordpress.org\/core\/2019\/09\/27\/block-editor-theme-related-updates-in-wordpress-5-3\/\">Weiterlesen<\/a><\/div>\n<\/div><\/div>\n<\/div>\n<\/div>\n\n\n\n<figure class=\"wp-block-image alignfull size-full\"><img data-recalc-dims=\"1\" decoding=\"async\" src=\"https:\/\/i0.wp.com\/ferienhaus-wernigerode.com\/wp-content\/themes\/twentytwenty\/assets\/images\/2020-landscape-2.png?ssl=1\" alt=\"\" class=\"wp-image-37\"\/><\/figure>\n\n\n\n<div class=\"wp-block-group alignwide\"><div class=\"wp-block-group__inner-container is-layout-flow wp-block-group-is-layout-flow\">\n<h2 class=\"has-text-align-center has-accent-color has-text-color wp-block-heading\">\u201eCyborgs, wie die Philosophin Donna Haraway feststellte, sind nicht ehrf\u00fcrchtig. Sie erinnern sich nicht an den Kosmos.\u201c<\/h2>\n<\/div><\/div>\n\n\n\n<p class=\"has-drop-cap\">Auf sieben Etagen beeindruckender Architektur zeigt das neue Museum diverse Ausstellungen internationaler und zeitgen\u00f6ssischer Kunst, teilweise im Rahmen kunsthistorischer Retrospektiven. Existenzielle, politische und philosophische Fragen sind Bestandteil unseres Programms. Unsere Besucher sind herzlich eingeladen zu F\u00fchrungen, K\u00fcnstlergespr\u00e4chen, Vortr\u00e4gen, Filmvorf\u00fchrungen und anderen Veranstaltungen mit teils freiem Eintritt.<\/p>\n\n\n\n<p>Die Ausstellungen werden vom \u201eMuseum der Zukunft\u201c in Zusammenarbeit mit K\u00fcnstlern und Museen auf der ganzen Welt produziert und finden oft internationale Anerkennung. Das Museum wurde vom Europ\u00e4ischen Museum des Jahres mit einer besonderen Auszeichnung gew\u00fcrdigt und geh\u00f6rte zu den Spitzenkandidaten f\u00fcr den schwedischen Museum of the Year Award, sowie f\u00fcr den Museumspreis des Europarates.<\/p>\n\n\n\n<p><\/p>\n\n\n\n<div class=\"wp-block-group alignwide has-background\" style=\"background-color:#ffffff\"><div class=\"wp-block-group__inner-container is-layout-flow wp-block-group-is-layout-flow\">\n<div class=\"wp-block-group\"><div class=\"wp-block-group__inner-container is-layout-flow wp-block-group-is-layout-flow\">\n<h2 class=\"has-text-align-center wp-block-heading\">Werde Mitglied und erhalte exklusive Angebote!<\/h2>\n\n\n\n<p class=\"has-text-align-center\">Alle Mitglieder erhalten Zugang zu exklusiven Ausstellungen und Angeboten. Die Mitgliedschaft kostet 99.99&nbsp;\u20ac und wird j\u00e4hrlich abgerechnet.<\/p>\n\n\n\n<div class=\"wp-block-button aligncenter\"><a class=\"wp-block-button__link\" href=\"https:\/\/make.wordpress.org\/core\/2019\/09\/27\/block-editor-theme-related-updates-in-wordpress-5-3\/\">Mitglied werden<\/a><\/div>\n<\/div><\/div>\n<\/div><\/div>\n\n\n\n<figure class=\"wp-block-gallery alignwide columns-2 is-cropped wp-block-gallery-5 is-layout-flex wp-block-gallery-is-layout-flex\"><ul class=\"blocks-gallery-grid\"><li class=\"blocks-gallery-item\"><figure><img data-recalc-dims=\"1\" decoding=\"async\" src=\"https:\/\/i0.wp.com\/ferienhaus-wernigerode.com\/wp-content\/themes\/twentytwenty\/assets\/images\/2020-square-2.png?ssl=1\" alt=\"\" data-id=\"39\" data-full-url=\"https:\/\/ferienhaus-wernigerode.com\/wp-content\/themes\/twentytwenty\/assets\/images\/2020-square-2.png\" data-link=\"assets\/images\/2020-square-2\/\" class=\"wp-image-39\"\/><\/figure><\/li><li class=\"blocks-gallery-item\"><figure><img data-recalc-dims=\"1\" decoding=\"async\" src=\"https:\/\/i0.wp.com\/ferienhaus-wernigerode.com\/wp-content\/themes\/twentytwenty\/assets\/images\/2020-square-1.png?ssl=1\" alt=\"\" data-id=\"38\" data-full-url=\"https:\/\/ferienhaus-wernigerode.com\/wp-content\/themes\/twentytwenty\/assets\/images\/2020-square-1.png\" data-link=\"https:\/\/ferienhaus-wernigerode.com\/wp-content\/themes\/twentytwenty\/assets\/images\/2020-square-1\/\" class=\"wp-image-38\"\/><\/figure><\/li><\/ul><\/figure>\n","protected":false},"excerpt":{"rendered":"<p>Die erste Adresse f\u00fcr Moderne Kunst in Nordschweden. In den Sommermonaten t\u00e4glich von 10 bis 18 Uhr ge\u00f6ffnet. Werke und Tage 1. August \u2013 1. Dezember Kreative Schaupl\u00e4tze 1. Oktober \u2013 1. Dezember Leben und leben lassen 1. August \u2013 1. Dezember Von Signac bis Matisse 1. Oktober \u2013 1. Dezember \u201eCyborgs, wie die Philosophin [&hellip;]<\/p>\n","protected":false},"author":1,"featured_media":8,"parent":0,"menu_order":0,"comment_status":"closed","ping_status":"closed","template":"","meta":{"ngg_post_thumbnail":0,"footnotes":""},"class_list":["post-9","page","type-page","status-publish","has-post-thumbnail","hentry"],"aioseo_notices":[],"jetpack-related-posts":[],"jetpack_shortlink":"https:\/\/wp.me\/Pcz8Y4-9","jetpack_sharing_enabled":true,"_links":{"self":[{"href":"https:\/\/ferienhaus-wernigerode.com\/index.php\/wp-json\/wp\/v2\/pages\/9","targetHints":{"allow":["GET"]}}],"collection":[{"href":"https:\/\/ferienhaus-wernigerode.com\/index.php\/wp-json\/wp\/v2\/pages"}],"about":[{"href":"https:\/\/ferienhaus-wernigerode.com\/index.php\/wp-json\/wp\/v2\/types\/page"}],"author":[{"embeddable":true,"href":"https:\/\/ferienhaus-wernigerode.com\/index.php\/wp-json\/wp\/v2\/users\/1"}],"replies":[{"embeddable":true,"href":"https:\/\/ferienhaus-wernigerode.com\/index.php\/wp-json\/wp\/v2\/comments?post=9"}],"version-history":[{"count":2,"href":"https:\/\/ferienhaus-wernigerode.com\/index.php\/wp-json\/wp\/v2\/pages\/9\/revisions"}],"predecessor-version":[{"id":37,"href":"https:\/\/ferienhaus-wernigerode.com\/index.php\/wp-json\/wp\/v2\/pages\/9\/revisions\/37"}],"wp:featuredmedia":[{"embeddable":true,"href":"https:\/\/ferienhaus-wernigerode.com\/index.php\/wp-json\/wp\/v2\/media\/8"}],"wp:attachment":[{"href":"https:\/\/ferienhaus-wernigerode.com\/index.php\/wp-json\/wp\/v2\/media?parent=9"}],"curies":[{"name":"wp","href":"https:\/\/api.w.org\/{rel}","templated":true}]}}