{"id":740,"date":"2021-03-02T10:36:13","date_gmt":"2021-03-02T10:36:13","guid":{"rendered":"https:\/\/ferienhaus-wernigerode.com\/?page_id=740"},"modified":"2025-03-19T13:29:55","modified_gmt":"2025-03-19T13:29:55","slug":"buchung-und-verfuegbarkeit","status":"publish","type":"page","link":"https:\/\/ferienhaus-wernigerode.com\/index.php\/buchung-und-verfuegbarkeit\/","title":{"rendered":"Buchung und Verf\u00fcgbarkeit"},"content":{"rendered":"\n<p>Hier finden Sie zun\u00e4chst den Belegungskalender f\u00fcr das Ferienhaus Wernigerode, darunter k\u00f6nnen Sie gerne auch eine unverbindliche Buchungsanfrage an uns stellen. Wir freuen uns auf Ihren Besuch!<\/p>\n\n\n\n<div id=\"smoobuApartment2618268de\" class=\"calendarWidget\"> <div class=\"calendarContent\" data-load-calendar-url=\"https:\/\/login.smoobu.com\/de\/cockpit\/widget\/single-calendar\/2618268\" data-verification=\"3cc73839f602e1505b119215a696dbd3fbc6333b1142df1b299ec676da1a8836\" data-baseUrl=\"https:\/\/login.smoobu.com\" data-disable-css=\"false\" ><\/div> <script type=\"text\/javascript\" src=\"https:\/\/login.smoobu.com\/js\/Apartment\/CalendarWidget.js\"><\/script><\/div>\n\n\n\n<div id=\"apartmentIframeAll\">\n<script type=\"text\/javascript\" src=\"https:\/\/login.smoobu.com\/js\/Settings\/BookingToolIframe.js\"><\/script>\n<script>BookingToolIframe.initialize({\"url\": \"https:\/\/login.smoobu.com\/de\/booking-tool\/iframe\/1127083\", \"baseUrl\": \"https:\/\/login.smoobu.com\", \"target\": \"#apartmentIframeAll\"})<\/script>\n<\/div>\n\n\n\n<p>Das Haus kann mit bis zu 9 Personen belegt werden, es bietet Zimmer mit jeweils 3 Doppelbetten, 1 Zimmer mit getrennten zwei Einzelbetten sowie ein Zimmer mit einem Einzelbett. Ein Parkplatz, den Sie optional hinzubuchen k\u00f6nnen, befindet sich knapp 100 Meter vom Objekt entfernt, ein Parken vor dem Haus ist nicht m\u00f6glich, da das Ferienhaus direkt in der Innenstadt liegt. Von hier aus haben Sie nur wenige Schritte in die Fu\u00dfg\u00e4ngerpassage, zum Rathaus Wernigerode und wenige Gehminuten zum Schloss Wernigerode. Einkaufsm\u00f6glichkeiten als auch Restaurants sind ebenfalls in geringem Umkreis fu\u00dfl\u00e4ufig erreichbar.<\/p>\n\n\n","protected":false},"excerpt":{"rendered":"<p>Hier finden Sie zun\u00e4chst den Belegungskalender f\u00fcr das Ferienhaus Wernigerode, darunter k\u00f6nnen Sie gerne auch eine unverbindliche Buchungsanfrage an uns stellen. Wir freuen uns auf Ihren Besuch! Das Haus kann mit bis zu 9 Personen belegt werden, es bietet Zimmer mit jeweils 3 Doppelbetten, 1 Zimmer mit getrennten zwei Einzelbetten sowie ein Zimmer mit einem [&hellip;]<\/p>\n","protected":false},"author":1,"featured_media":0,"parent":0,"menu_order":0,"comment_status":"closed","ping_status":"closed","template":"","meta":{"ngg_post_thumbnail":0,"footnotes":""},"class_list":["post-740","page","type-page","status-publish","hentry"],"aioseo_notices":[],"jetpack-related-posts":[],"jetpack_shortlink":"https:\/\/wp.me\/Pcz8Y4-bW","jetpack_sharing_enabled":true,"_links":{"self":[{"href":"https:\/\/ferienhaus-wernigerode.com\/index.php\/wp-json\/wp\/v2\/pages\/740","targetHints":{"allow":["GET"]}}],"collection":[{"href":"https:\/\/ferienhaus-wernigerode.com\/index.php\/wp-json\/wp\/v2\/pages"}],"about":[{"href":"https:\/\/ferienhaus-wernigerode.com\/index.php\/wp-json\/wp\/v2\/types\/page"}],"author":[{"embeddable":true,"href":"https:\/\/ferienhaus-wernigerode.com\/index.php\/wp-json\/wp\/v2\/users\/1"}],"replies":[{"embeddable":true,"href":"https:\/\/ferienhaus-wernigerode.com\/index.php\/wp-json\/wp\/v2\/comments?post=740"}],"version-history":[{"count":10,"href":"https:\/\/ferienhaus-wernigerode.com\/index.php\/wp-json\/wp\/v2\/pages\/740\/revisions"}],"predecessor-version":[{"id":1194,"href":"https:\/\/ferienhaus-wernigerode.com\/index.php\/wp-json\/wp\/v2\/pages\/740\/revisions\/1194"}],"wp:attachment":[{"href":"https:\/\/ferienhaus-wernigerode.com\/index.php\/wp-json\/wp\/v2\/media?parent=740"}],"curies":[{"name":"wp","href":"https:\/\/api.w.org\/{rel}","templated":true}]}}