{"id":500,"date":"2020-12-17T09:53:57","date_gmt":"2020-12-17T09:53:57","guid":{"rendered":"https:\/\/ferienhaus-wernigerode.com\/?page_id=500"},"modified":"2022-01-24T12:45:25","modified_gmt":"2022-01-24T12:45:25","slug":"aussenansichten-ferienhaus-anno-1698","status":"publish","type":"page","link":"https:\/\/ferienhaus-wernigerode.com\/index.php\/aussenansichten-ferienhaus-anno-1698\/","title":{"rendered":"Au\u00dfenansichten Ferienhaus &#8222;Am Schlossb\u00fchel&#8220;"},"content":{"rendered":"\n<p>Schauen Sie sich um, bl\u00e4ttern Sie durch die Bilder des Ferienhauses Wernigerode und verschaffen Sie sich einen \u00dcberblick \u00fcber das Haus in der bunten Stadt im Harz! Herzlich willkommen!<\/p>\n\n\n\nngg_shortcode_0_placeholder\n","protected":false},"excerpt":{"rendered":"<p>Schauen Sie sich um, bl\u00e4ttern Sie durch die Bilder des Ferienhauses Wernigerode und verschaffen Sie sich einen \u00dcberblick \u00fcber das Haus in der bunten Stadt im Harz! Herzlich willkommen!<\/p>\n","protected":false},"author":1,"featured_media":0,"parent":0,"menu_order":0,"comment_status":"closed","ping_status":"closed","template":"","meta":{"ngg_post_thumbnail":0,"footnotes":""},"class_list":["post-500","page","type-page","status-publish","hentry"],"aioseo_notices":[],"jetpack-related-posts":[],"jetpack_shortlink":"https:\/\/wp.me\/Pcz8Y4-84","jetpack_sharing_enabled":true,"_links":{"self":[{"href":"https:\/\/ferienhaus-wernigerode.com\/index.php\/wp-json\/wp\/v2\/pages\/500","targetHints":{"allow":["GET"]}}],"collection":[{"href":"https:\/\/ferienhaus-wernigerode.com\/index.php\/wp-json\/wp\/v2\/pages"}],"about":[{"href":"https:\/\/ferienhaus-wernigerode.com\/index.php\/wp-json\/wp\/v2\/types\/page"}],"author":[{"embeddable":true,"href":"https:\/\/ferienhaus-wernigerode.com\/index.php\/wp-json\/wp\/v2\/users\/1"}],"replies":[{"embeddable":true,"href":"https:\/\/ferienhaus-wernigerode.com\/index.php\/wp-json\/wp\/v2\/comments?post=500"}],"version-history":[{"count":3,"href":"https:\/\/ferienhaus-wernigerode.com\/index.php\/wp-json\/wp\/v2\/pages\/500\/revisions"}],"predecessor-version":[{"id":1004,"href":"https:\/\/ferienhaus-wernigerode.com\/index.php\/wp-json\/wp\/v2\/pages\/500\/revisions\/1004"}],"wp:attachment":[{"href":"https:\/\/ferienhaus-wernigerode.com\/index.php\/wp-json\/wp\/v2\/media?parent=500"}],"curies":[{"name":"wp","href":"https:\/\/api.w.org\/{rel}","templated":true}]}}