{"id":345,"date":"2020-12-12T10:28:02","date_gmt":"2020-12-12T10:28:02","guid":{"rendered":"https:\/\/ferienhaus-wernigerode.com\/?page_id=345"},"modified":"2024-10-22T10:35:11","modified_gmt":"2024-10-22T10:35:11","slug":"neues-aus-wernigerode","status":"publish","type":"page","link":"https:\/\/ferienhaus-wernigerode.com\/index.php\/neues-aus-wernigerode\/","title":{"rendered":"Veranstaltungen in Wernigerode"},"content":{"rendered":"\n<p>Hier finden Sie die aktuelle Veranstaltungsliste rund um Wernigerode. Sie k\u00f6nnen die Liste direkt herunterladen, abspeichern oder ausdrucken! Wir w\u00fcnschen Ihnen viel Spa\u00df bei den Erkundungen rund um Ihr Ferienhaus im Harz!<\/p>\n\n\n\n<div data-wp-interactive=\"core\/file\" class=\"wp-block-file\"><object data-wp-bind--hidden=\"!state.hasPdfPreview\" hidden class=\"wp-block-file__embed\" data=\"https:\/\/ferienhaus-wernigerode.com\/wp-content\/uploads\/2024\/10\/EventList-2.pdf\" type=\"application\/pdf\" style=\"width:100%;height:600px\" aria-label=\"Einbettung von EventList-2.\"><\/object><a id=\"wp-block-file--media-5b73bcbb-9233-4013-8a12-cde19d70f8a2\" href=\"https:\/\/ferienhaus-wernigerode.com\/wp-content\/uploads\/2024\/10\/EventList-2.pdf\">EventList-2<\/a><a href=\"https:\/\/ferienhaus-wernigerode.com\/wp-content\/uploads\/2024\/10\/EventList-2.pdf\" class=\"wp-block-file__button wp-element-button\" download aria-describedby=\"wp-block-file--media-5b73bcbb-9233-4013-8a12-cde19d70f8a2\">Herunterladen<\/a><\/div>\n","protected":false},"excerpt":{"rendered":"<p>Hier finden Sie die aktuelle Veranstaltungsliste rund um Wernigerode. Sie k\u00f6nnen die Liste direkt herunterladen, abspeichern oder ausdrucken! Wir w\u00fcnschen Ihnen viel Spa\u00df bei den Erkundungen rund um Ihr Ferienhaus im Harz!<\/p>\n","protected":false},"author":1,"featured_media":0,"parent":0,"menu_order":0,"comment_status":"closed","ping_status":"closed","template":"","meta":{"ngg_post_thumbnail":0,"footnotes":""},"class_list":["post-345","page","type-page","status-publish","hentry"],"aioseo_notices":[],"jetpack-related-posts":[],"jetpack_shortlink":"https:\/\/wp.me\/Pcz8Y4-5z","jetpack_sharing_enabled":true,"_links":{"self":[{"href":"https:\/\/ferienhaus-wernigerode.com\/index.php\/wp-json\/wp\/v2\/pages\/345","targetHints":{"allow":["GET"]}}],"collection":[{"href":"https:\/\/ferienhaus-wernigerode.com\/index.php\/wp-json\/wp\/v2\/pages"}],"about":[{"href":"https:\/\/ferienhaus-wernigerode.com\/index.php\/wp-json\/wp\/v2\/types\/page"}],"author":[{"embeddable":true,"href":"https:\/\/ferienhaus-wernigerode.com\/index.php\/wp-json\/wp\/v2\/users\/1"}],"replies":[{"embeddable":true,"href":"https:\/\/ferienhaus-wernigerode.com\/index.php\/wp-json\/wp\/v2\/comments?post=345"}],"version-history":[{"count":6,"href":"https:\/\/ferienhaus-wernigerode.com\/index.php\/wp-json\/wp\/v2\/pages\/345\/revisions"}],"predecessor-version":[{"id":1190,"href":"https:\/\/ferienhaus-wernigerode.com\/index.php\/wp-json\/wp\/v2\/pages\/345\/revisions\/1190"}],"wp:attachment":[{"href":"https:\/\/ferienhaus-wernigerode.com\/index.php\/wp-json\/wp\/v2\/media?parent=345"}],"curies":[{"name":"wp","href":"https:\/\/api.w.org\/{rel}","templated":true}]}}