{"id":314,"date":"2020-12-01T09:53:32","date_gmt":"2020-12-01T09:53:32","guid":{"rendered":"https:\/\/ferienhaus-wernigerode.com\/?page_id=314"},"modified":"2023-11-21T08:43:38","modified_gmt":"2023-11-21T08:43:38","slug":"das-bietet-ihr-ferienhaus","status":"publish","type":"page","link":"https:\/\/ferienhaus-wernigerode.com\/index.php\/das-bietet-ihr-ferienhaus\/","title":{"rendered":"Das bietet Ihr Ferienhaus"},"content":{"rendered":"\n<p><\/p>\n\n\n\n<p>Das Ferienhaus &#8222;Am Schlossb\u00fchel&#8220;, erbaut ca. 1698,  erwartet Sie mit kostenfreiem WLAN und 2 optional buchbaren Privatparkpl\u00e4tzen in Wernigerode, nur 800m vom Rathaus Wernigerode entfernt. Den Parkplatz finden Sie hier und ist mit einer Parkplatztafel &#8222;FH (=Ferienhaus)&#8220; markiert. Mit dem Routenplaner und der Angabe &#8222;N\u00f6schenr\u00f6der Stra\u00dfe 47, 38855 Wernigerode&#8220; sind Sie auf der sicheren Seite. <\/p>\n\n\n\n<figure class=\"wp-block-image size-large\"><img data-recalc-dims=\"1\" fetchpriority=\"high\" decoding=\"async\" width=\"1024\" height=\"507\" src=\"https:\/\/i0.wp.com\/ferienhaus-wernigerode.com\/wp-content\/uploads\/2021\/03\/parkplatz.jpg?resize=1024%2C507&#038;ssl=1\" alt=\"\" class=\"wp-image-866\" srcset=\"https:\/\/i0.wp.com\/ferienhaus-wernigerode.com\/wp-content\/uploads\/2021\/03\/parkplatz.jpg?resize=1024%2C507&amp;ssl=1 1024w, https:\/\/i0.wp.com\/ferienhaus-wernigerode.com\/wp-content\/uploads\/2021\/03\/parkplatz.jpg?resize=300%2C149&amp;ssl=1 300w, https:\/\/i0.wp.com\/ferienhaus-wernigerode.com\/wp-content\/uploads\/2021\/03\/parkplatz.jpg?resize=768%2C380&amp;ssl=1 768w, https:\/\/i0.wp.com\/ferienhaus-wernigerode.com\/wp-content\/uploads\/2021\/03\/parkplatz.jpg?w=1161&amp;ssl=1 1161w\" sizes=\"(max-width: 1000px) 100vw, 1000px\" \/><figcaption class=\"wp-element-caption\">(C) 2021 Google Maps<\/figcaption><\/figure>\n\n\n\n<p><\/p>\n\n\n\n<p>Das Ferienhaus verf\u00fcgt \u00fcber 5 Schlafzimmer, einen Flachbild-Kabel-TV, eine komplett ausgestattete K\u00fcche mit einem Geschirrsp\u00fcler und einer Mikrowelle sowie 2 B\u00e4der mit einer Dusche und einer Badewanne.<\/p>\n\n\n\n<p>Das Ferienhaus verf\u00fcgt \u00fcber einen Grill und eine Terrasse.<\/p>\n\n\n\n<p>Zu den beliebten Sehensw\u00fcrdigkeiten in der N\u00e4he des Ferienhaus &#8222;anno 1698&#8220; geh\u00f6ren das Kultur- und Kongresszentrum Wernigerode, das Schloss Wernigerode und der Weihnachtsmarkt Wernigerode.<\/p>\n\n\n\n<p>Laut unabh\u00e4ngiger G\u00e4stebewertungen auf &#8222;booking.com&#8220; ist das der beliebteste Teil von Wernigerode.<\/p>\n\n\n\n<p>Das Ferienhaus &#8222;Am Schlossb\u00fchel&#8220; liegt in der N\u00e4he der Innenstadt direkt unter den Mauern des Werniger\u00f6der Schlosses. In der n\u00e4heren Umgebung finden Sie viel Berge, in denen man gut wandern gehen kann, und interessante Orte, z.B. Schierke mit direktem Weg zum Brocken oder die Rosstrappe in Thale. Falls nicht gern gewandert wird, gibt es auch innerhalb der Stadt verschiedene M\u00f6glichkeiten ein paar sch\u00f6ne Urlaubstage zu verbringen, z.B. verschiedene Museen, eine Stadtf\u00fchrung\u2026 , aber auch M\u00f6glichkeiten sich auszutoben, z.B. der Hasser\u00f6der Ferienpark. In umliegenden St\u00e4dten und D\u00f6rfern gibt es ebenfalls reichlich Angebote.<\/p>\n","protected":false},"excerpt":{"rendered":"<p>Das Ferienhaus &#8222;Am Schlossb\u00fchel&#8220;, erbaut ca. 1698, erwartet Sie mit kostenfreiem WLAN und 2 optional buchbaren Privatparkpl\u00e4tzen in Wernigerode, nur 800m vom Rathaus Wernigerode entfernt. Den Parkplatz finden Sie hier und ist mit einer Parkplatztafel &#8222;FH (=Ferienhaus)&#8220; markiert. Mit dem Routenplaner und der Angabe &#8222;N\u00f6schenr\u00f6der Stra\u00dfe 47, 38855 Wernigerode&#8220; sind Sie auf der sicheren Seite. [&hellip;]<\/p>\n","protected":false},"author":1,"featured_media":209,"parent":0,"menu_order":0,"comment_status":"closed","ping_status":"closed","template":"","meta":{"ngg_post_thumbnail":0,"footnotes":""},"class_list":["post-314","page","type-page","status-publish","has-post-thumbnail","hentry"],"aioseo_notices":[],"jetpack-related-posts":[],"jetpack_shortlink":"https:\/\/wp.me\/Pcz8Y4-54","jetpack_sharing_enabled":true,"_links":{"self":[{"href":"https:\/\/ferienhaus-wernigerode.com\/index.php\/wp-json\/wp\/v2\/pages\/314","targetHints":{"allow":["GET"]}}],"collection":[{"href":"https:\/\/ferienhaus-wernigerode.com\/index.php\/wp-json\/wp\/v2\/pages"}],"about":[{"href":"https:\/\/ferienhaus-wernigerode.com\/index.php\/wp-json\/wp\/v2\/types\/page"}],"author":[{"embeddable":true,"href":"https:\/\/ferienhaus-wernigerode.com\/index.php\/wp-json\/wp\/v2\/users\/1"}],"replies":[{"embeddable":true,"href":"https:\/\/ferienhaus-wernigerode.com\/index.php\/wp-json\/wp\/v2\/comments?post=314"}],"version-history":[{"count":5,"href":"https:\/\/ferienhaus-wernigerode.com\/index.php\/wp-json\/wp\/v2\/pages\/314\/revisions"}],"predecessor-version":[{"id":1161,"href":"https:\/\/ferienhaus-wernigerode.com\/index.php\/wp-json\/wp\/v2\/pages\/314\/revisions\/1161"}],"wp:featuredmedia":[{"embeddable":true,"href":"https:\/\/ferienhaus-wernigerode.com\/index.php\/wp-json\/wp\/v2\/media\/209"}],"wp:attachment":[{"href":"https:\/\/ferienhaus-wernigerode.com\/index.php\/wp-json\/wp\/v2\/media?parent=314"}],"curies":[{"name":"wp","href":"https:\/\/api.w.org\/{rel}","templated":true}]}}