{"id":1019,"date":"2022-02-11T10:56:30","date_gmt":"2022-02-11T10:56:30","guid":{"rendered":"https:\/\/ferienhaus-wernigerode.com\/?page_id=1019"},"modified":"2022-02-11T10:56:32","modified_gmt":"2022-02-11T10:56:32","slug":"essen-trinken-sport-kunst-und-sehenswuerdigkeiten-und-ausflugsziele-in-wernigerode","status":"publish","type":"page","link":"https:\/\/ferienhaus-wernigerode.com\/index.php\/essen-trinken-sport-kunst-und-sehenswuerdigkeiten-und-ausflugsziele-in-wernigerode\/","title":{"rendered":"Essen, Trinken, Sport, Kunst und Sehensw\u00fcrdigkeiten und Ausflugsziele in Wernigerode"},"content":{"rendered":"\n<p>Sie suchen nach Restaurants, Caf\u00e9s, Sport und Freizeitaktivit\u00e4ten, Wellness, Gesundheitsthemen, Kunst und Kultur, Sehensw\u00fcrdigkeiten, Routen und Touren und vielen anderem mehr rund um und in Wernigerode? Dann soll Ihnen diese \u00dcbersicht helfen, die richtige Wahl zu treffen. Wir w\u00fcnschen Ihnen viel Spass beim St\u00f6bern, Ihr &#8222;Ferienhaus am Schlossb\u00fchel&#8220;<\/p>\n\n\n\n<div data-wp-interactive=\"core\/file\" class=\"wp-block-file\"><object data-wp-bind--hidden=\"!state.hasPdfPreview\" hidden class=\"wp-block-file__embed\" data=\"https:\/\/ferienhaus-wernigerode.com\/wp-content\/uploads\/2022\/02\/Infrastruktur-Wernigerode.pdf\" type=\"application\/pdf\" style=\"width:100%;height:600px\" aria-label=\"Einbettung von Einbettung von Infrastruktur-Wernigerode..\"><\/object><a id=\"wp-block-file--media-4c6740e7-e9e0-4556-ba56-4e7c9c0708f8\" href=\"https:\/\/ferienhaus-wernigerode.com\/wp-content\/uploads\/2022\/02\/Infrastruktur-Wernigerode.pdf\">Infrastruktur-Wernigerode<\/a><a href=\"https:\/\/ferienhaus-wernigerode.com\/wp-content\/uploads\/2022\/02\/Infrastruktur-Wernigerode.pdf\" class=\"wp-block-file__button\" download aria-describedby=\"wp-block-file--media-4c6740e7-e9e0-4556-ba56-4e7c9c0708f8\">Herunterladen<\/a><\/div>\n","protected":false},"excerpt":{"rendered":"<p>Sie suchen nach Restaurants, Caf\u00e9s, Sport und Freizeitaktivit\u00e4ten, Wellness, Gesundheitsthemen, Kunst und Kultur, Sehensw\u00fcrdigkeiten, Routen und Touren und vielen anderem mehr rund um und in Wernigerode? Dann soll Ihnen diese \u00dcbersicht helfen, die richtige Wahl zu treffen. Wir w\u00fcnschen Ihnen viel Spass beim St\u00f6bern, Ihr &#8222;Ferienhaus am Schlossb\u00fchel&#8220;<\/p>\n","protected":false},"author":1,"featured_media":0,"parent":0,"menu_order":0,"comment_status":"closed","ping_status":"closed","template":"","meta":{"ngg_post_thumbnail":0,"footnotes":""},"class_list":["post-1019","page","type-page","status-publish","hentry"],"aioseo_notices":[],"jetpack-related-posts":[],"jetpack_shortlink":"https:\/\/wp.me\/Pcz8Y4-gr","jetpack_sharing_enabled":true,"_links":{"self":[{"href":"https:\/\/ferienhaus-wernigerode.com\/index.php\/wp-json\/wp\/v2\/pages\/1019","targetHints":{"allow":["GET"]}}],"collection":[{"href":"https:\/\/ferienhaus-wernigerode.com\/index.php\/wp-json\/wp\/v2\/pages"}],"about":[{"href":"https:\/\/ferienhaus-wernigerode.com\/index.php\/wp-json\/wp\/v2\/types\/page"}],"author":[{"embeddable":true,"href":"https:\/\/ferienhaus-wernigerode.com\/index.php\/wp-json\/wp\/v2\/users\/1"}],"replies":[{"embeddable":true,"href":"https:\/\/ferienhaus-wernigerode.com\/index.php\/wp-json\/wp\/v2\/comments?post=1019"}],"version-history":[{"count":1,"href":"https:\/\/ferienhaus-wernigerode.com\/index.php\/wp-json\/wp\/v2\/pages\/1019\/revisions"}],"predecessor-version":[{"id":1021,"href":"https:\/\/ferienhaus-wernigerode.com\/index.php\/wp-json\/wp\/v2\/pages\/1019\/revisions\/1021"}],"wp:attachment":[{"href":"https:\/\/ferienhaus-wernigerode.com\/index.php\/wp-json\/wp\/v2\/media?parent=1019"}],"curies":[{"name":"wp","href":"https:\/\/api.w.org\/{rel}","templated":true}]}}